{"id":54662,"date":"2024-01-16T11:27:52","date_gmt":"2024-01-16T11:27:52","guid":{"rendered":"https:\/\/ticketmaster-enterprise.local\/?page_id=54662"},"modified":"2025-08-12T05:02:36","modified_gmt":"2025-08-12T05:02:36","slug":"work-with-us","status":"publish","type":"page","link":"https:\/\/business.ticketmaster.be\/fr\/work-with-us\/","title":{"rendered":"Work With Us"},"content":{"rendered":"\n<div class=\"wp-block-group alignfull is-style-padding-alt-2 has-base-color has-contrast-background-color has-text-color has-background has-link-color wp-elements-d72a3a7aa815492fe167852b9cbb992a has-global-padding is-layout-constrained wp-block-group-is-layout-constrained\">\n<section class=\"wp-block-group alignwide is-layout-flow wp-block-group-is-layout-flow\">\n<div class=\"wp-block-columns is-style-lg-row-reverse is-layout-flex wp-container-core-columns-is-layout-28f84493 wp-block-columns-is-layout-flex\">\n<div class=\"wp-block-column is-layout-flow wp-block-column-is-layout-flow\"><div  class=\"align wp-block-acf-pull-to-edge\">\n\t<div class=\"pull-to-edge pull-to-edge--right\">\n<div  class=\"align wp-block-acf-tm-shapes\">\n    <div class=\"tm-shapes\">\n        <div class=\"shape shape--square has-tertiary-3-background-color\"><\/div>\n        <div class=\"shape shape--circle has-primary-background-color\"><\/div>\n    <\/div>\n<\/div>\n<\/div>\t\n<\/div><\/div>\n\n\n\n<div class=\"wp-block-column is-layout-flow wp-block-column-is-layout-flow\">\n<h1 class=\"wp-block-heading\">TRAVAILLEZ AVEC NOUS<\/h1>\n\n\n\n<p class=\"is-style-max-width\">Dites-nous en plus sur vos souhaits et nous vous mettrons en contact avec une \u00e9quipe d\u00e9di\u00e9e \u00e0 la cr\u00e9ation de la meilleure solution pour vos besoins.<\/p>\n<\/div>\n<\/div>\n<\/section>\n<\/div>\n\n\n\n<div class=\"wp-block-group has-base-background-color has-background has-global-padding is-layout-constrained wp-block-group-is-layout-constrained\" style=\"padding-top:0;padding-bottom:0\"><div  class=\"alignwide wp-block-acf-tme-form\">\n\n    \t<div class=\"tme-form__question-switcher has-primary-background-color has-base-color\">\n\t\t<div class=\"inner-content\">\n\t\t\t<h3 class=\"wp-block-heading\">Comment pouvons-nous vous aider?<\/h3>\t\t\t<div class=\"tme-form__switcher\">\n\t\t\t\t<select>\n\t\t\t\t\t<option value=\"\">Please select an answer<\/option>\n\t\t\t\t\t<option value=\"form-0\">Je souhaite en savoir plus sur les solutions clients de Ticketmaster.<\/option><option value=\"form-1\">J&rsquo;ai besoin d&rsquo;aide pour les tickets que j&rsquo;ai d\u00e9j\u00e0 achet\u00e9s ou re\u00e7us.<\/option><option value=\"form-2\">Je suis d\u00e9j\u00e0 client de Ticketmaster et je souhaite avoir acc\u00e8s \u00e0 TM1.<\/option>\t\t\t\t<\/select>\n\t\t\t<\/div>\n\t\t<\/div>\n\t<\/div>\n\t\n        <div class=\"enterprise-forms\">\n        \n                <form novalidate data-id=\"form-0\" class=\"enterprise-form enterprise-form--single-page\" action=\"https:\/\/webto.salesforce.com\/servlet\/servlet.WebToLead?encoding=UTF-8\" method=\"POST\">\n                        <input name=\"captcha_settings\" type=\"hidden\" value='{\"keyname\":\"TM_NA\",\"fallback\":\"true\",\"orgId\":\"00DA0000000Yo1o\",\"ts\":\"\"}' \/>\n                        <input type=\"hidden\" name=\"oid\" value=\"00DA0000000Yo1o\">\n            <input type=\"hidden\" name=\"retURL\" value=\"https:\/\/business.ticketmaster.be\/fr\/work-with-us\/thank-you\/\">\n            <input type=\"hidden\" class=\"location\" id=\"00N3x00000EUnSL\" name=\"00N3x00000EUnSL\" value=\"Belgium\"\/>\n            <input type=\"hidden\" id=\"lead_source\" name=\"lead_source\" value=\"Web Form\"\/>\n            <input type=\"hidden\" id=\"00N3x00000EUnSQ\" name=\"00N3x00000EUnSQ\" value=\"TM B2B BE\"\/>\n            <input type=\"hidden\" class=\"currency\" id=\"currency\" name=\"currency\" value=\"EUR\"\/>\n            \n            \n            \n                    <div class=\"enterprise-form__section\" id=\"form-section-1\">\n                        \n                        <div class=\"enterprise-form__section-intro\">\n                            <h2>\u00c0 propos de vous et de votre entreprise<\/h2>\n<p>Vous souhaitez en savoir plus ? Parlez-nous de votre \u00e9v\u00e9nement et indiquez-nous comment vous joindre afin que nous puissions discuter et d\u00e9couvrir comment vous aider \u00e0 faire de votre \u00e9v\u00e9nement un succ\u00e8s.<\/p>\n                        <\/div>\n                        <div class=\"enterprise-form__section-html\">\n                            <div class=\"left-side\">\r\n  <label for=\"first_name\">Pr\u00e9nom :<\/label>\r\n  <div class=\"form-required\">\r\n  <input id=\"first_name\" maxlength=\"40\" name=\"first_name\" size=\"20\" type=\"text\" required=\"\" \/>\r\n  <label class=\"form-alert\" role=\"alert\">Veuillez entrer votre pr\u00e9nom.<\/label>\r\n  <\/div>\r\n<\/div>\r\n\r\n<div class=\"right-side\">\r\n  <label for=\"last_name\">Nom :<\/label>\r\n  <div class=\"form-required\">\r\n  <input id=\"last_name\" maxlength=\"80\" name=\"last_name\" size=\"20\" type=\"text\" required=\"\" \/>\r\n  <label class=\"form-alert\" role=\"alert\">Veuillez entrer votre nom.<\/label>\r\n  <\/div>\r\n<\/div>\r\n\r\n<label for=\"email\">Email :<\/label>\r\n<div class=\"form-required\">\r\n  <input id=\"email\" maxlength=\"80\" name=\"email\" size=\"20\" type=\"text\" pattern=\"^([0-9a-zA-Z]([-.\\w]*[0-9a-zA-Z])*@([0-9a-zA-Z][-\\w]*[0-9a-zA-Z]\\.)+[a-zA-Z]{2,6})$\" required=\"\" \/>\r\n  <label class=\"form-alert\" role=\"alert\">Veuillez entrer une adresse email valide.<\/label>\r\n<\/div>\r\n\r\n<label for=\"phone\">Num\u00e9ro de t\u00e9l\u00e9phone :<\/label>\r\n<div class=\"form-required\">\r\n  <input id=\"phone\" maxlength=\"40\" name=\"phone\" size=\"20\" type=\"text\" required=\"\" \/>\r\n  <label class=\"form-alert\" role=\"alert\">Veuillez entrer un num\u00e9ro de t\u00e9l\u00e9phone.\r\n<\/label>\r\n<\/div>\r\n\r\n\r\n<label for=\"company\">Entreprise :<\/label>\r\n<div class=\"form-required\">\r\n  <input id=\"company\" maxlength=\"40\" name=\"company\" size=\"20\" type=\"text\" required=\"\" \/>\r\n  <label class=\"form-alert\" role=\"alert\">Please enter your entreprise&rsquo;s name.<\/label>\r\n<\/div>\r\n\r\n\r\n\r\n<input type=\"hidden\" id=\"00N3x00000EUnSK\" name=\"00N3x00000EUnSK\" value=\"fr\">\r\n\r\n\r\n\r\n    <label for=\"00N3x00000EUnSM\">Nombre de tickets par an<\/label>\r\n    <div class=\"form-required styled-select\">\r\n      <select id=\"00N3x00000EUnSM\" name=\"00N3x00000EUnSM\" title=\"Nombre de tickets par an\" required=\"\">\r\n        <option value=\"\">&#8211;S\u00e9lectionner une fourchette&#8211;<\/option>\r\n        <option value=\"&lt;999\">&lt;999<\/option>\r\n        <option value=\"1,000 - 4,999\">1.000 &#8211; 4.999<\/option>\r\n        <option value=\"5,000 - 9,999\">5.000 &#8211; 9.999<\/option>\r\n        <option value=\"10,000 - 24,999\">10.000 &#8211; 24.999<\/option>\r\n        <option value=\"25,000 - 49,999\">25.000 &#8211; 49.999<\/option>\r\n        <option value=\"50,000 - 99,999\">50.000 &#8211; 99.999<\/option>\r\n        <option value=\"100,000 - 250,000\">100.000 &#8211; 250.000<\/option>\r\n        <option value=\"Over 250,000\">Plus de 250.000<\/option>\r\n      <\/select>\r\n      <svg cxmlns=\"http:\/\/www.w3.org\/2000\/svg\" width=\"16\" height=\"16\" viewBox=\"0 0 16 16\"><path fill=\"#262626\" fill-opacity=\".65\" fill-rule=\"nonzero\" d=\"M8 10.768l6.678-6.679a.774.774 0 1 1 1.095 1.095L8.547 12.41a.774.774 0 0 1-1.094 0L.227 5.184A.774.774 0 0 1 1.322 4.09L8 10.768z\"><\/path><\/svg>\r\n      <label class=\"form-alert\" role=\"alert\" aria-invalid=\"true\">Please select nombre de tickets par an.<\/label>\r\n    <\/div>\r\n\r\n<label for=\"description\">Autres d\u00e9tails :<\/label>\r\n<div class=\"form-required\">\r\n  <textarea name=\"description\" id=\"description\"><\/textarea>\r\n  <label class=\"form-alert\" role=\"alert\">Veuillez entrer une autres d\u00e9tails.<\/label>\r\n<\/div>\n                                                                            <div id=\"recaptcha-0\" class=\"g-recaptcha\" style=\"display: block; clear: both; padding-top: 20px;\" data-callback=\"recaptcha_callback\" data-sitekey=\"6LeMxrIgAAAAAA7_CxA7rsMb6xZYMCvaQPtRGzYw\"><\/div>\n                                        <p style=\"color: #666; padding-top: 3px; font-size: 12px;\">Please complete the reCAPTCHA before submitting the form.<\/p>\n                                    \n                                    <div class=\"enterprise-form__controls\">\n                                        <input class=\"contact_submit\" id=\"contact-submit-0\" class=\"button\" type=\"submit\" value=\"Submit\" disabled=\"true\" \/>\n                                    <\/div>\n\n                                                        <\/div>\n                    <\/div>\n\n                \n        <\/form>\n                <form novalidate data-id=\"form-1\" class=\"enterprise-form enterprise-form--single-page\" action=\"https:\/\/webto.salesforce.com\/servlet\/servlet.WebToLead?encoding=UTF-8\" method=\"POST\">\n                        <input name=\"captcha_settings\" type=\"hidden\" value='{\"keyname\":\"TM_NA\",\"fallback\":\"true\",\"orgId\":\"00DA0000000Yo1o\",\"ts\":\"\"}' \/>\n                        <input type=\"hidden\" name=\"oid\" value=\"00DA0000000Yo1o\">\n            <input type=\"hidden\" name=\"retURL\" value=\"https:\/\/business.ticketmaster.be\/fr\/\">\n            <input type=\"hidden\" class=\"location\" id=\"00N3x00000EUnSL\" name=\"00N3x00000EUnSL\" value=\"Belgium\"\/>\n            <input type=\"hidden\" id=\"lead_source\" name=\"lead_source\" value=\"Web Form\"\/>\n            <input type=\"hidden\" id=\"00N3x00000EUnSQ\" name=\"00N3x00000EUnSQ\" value=\"TM B2B BE\"\/>\n            <input type=\"hidden\" class=\"currency\" id=\"currency\" name=\"currency\" value=\"EUR\"\/>\n            \n            \n            \n                    <div class=\"enterprise-form__section\" id=\"form-section-1\">\n                        \n                        <div class=\"enterprise-form__section-intro\">\n                            <h2>Allons vous trouver de l&rsquo;aide<\/h2>\n                        <\/div>\n                        <div class=\"enterprise-form__section-html\">\n                            <p>Si vous avez achet\u00e9 ou re\u00e7u des tickets pour un \u00e9v\u00e9nement et que vous avez une question concernant vos tickets (par exemple, comment y acc\u00e9der ou les transf\u00e9rer, etc.), veuillez <a href=\"https:\/\/help.ticketmaster.com\/hc\/en-us\/\" target=\"_blank\" rel=\"noopener\">contacter le service client\u00e8le<\/a>.<\/p>\n<p>Pour plus d&rsquo;informations sur l&rsquo;utilisation de notre march\u00e9 de revente de tickets entre fans, veuillez consulter ticketmaster.com\/sell. Si vous souhaitez acheter des tickets, veuillez consulter ticketmaster.be ou ticketmaster.com.<\/p>\n                        <\/div>\n                    <\/div>\n\n                \n        <\/form>\n                <form novalidate data-id=\"form-2\" class=\"enterprise-form enterprise-form--single-page\" action=\"https:\/\/webto.salesforce.com\/servlet\/servlet.WebToLead?encoding=UTF-8\" method=\"POST\">\n                        <input name=\"captcha_settings\" type=\"hidden\" value='{\"keyname\":\"TM_NA\",\"fallback\":\"true\",\"orgId\":\"00DA0000000Yo1o\",\"ts\":\"\"}' \/>\n                        <input type=\"hidden\" name=\"oid\" value=\"00DA0000000Yo1o\">\n            <input type=\"hidden\" name=\"retURL\" value=\"https:\/\/business.ticketmaster.be\/fr\/\">\n            <input type=\"hidden\" class=\"location\" id=\"00N3x00000EUnSL\" name=\"00N3x00000EUnSL\" value=\"Belgium\"\/>\n            <input type=\"hidden\" id=\"lead_source\" name=\"lead_source\" value=\"Web Form\"\/>\n            <input type=\"hidden\" id=\"00N3x00000EUnSQ\" name=\"00N3x00000EUnSQ\" value=\"TM B2B BE\"\/>\n            <input type=\"hidden\" class=\"currency\" id=\"currency\" name=\"currency\" value=\"EUR\"\/>\n            \n            \n            \n                    <div class=\"enterprise-form__section\" id=\"form-section-1\">\n                        \n                        <div class=\"enterprise-form__section-intro\">\n                            <h2>Connectons-vous \u00e0 TM1<\/h2>\n<p>TM1 est notre plateforme compl\u00e8te et puissante, con\u00e7ue pour aider nos clients \u00e0 naviguer \u00e0 chaque \u00e9tape du cycle de vie de la billetterie \u00e9v\u00e9nementielle.<\/p>\n                        <\/div>\n                        <div class=\"enterprise-form__section-html\">\n                            <h3>Se connecter \u00e0 TM1<\/h3>\n<p><a class=\"btn\" href=\"https:\/\/login.ticketmaster.com\/\">Se connecter<\/a><\/p>\n<h3>Besoin d&rsquo;aide pour se connecter ?<\/h3>\n<p>Si vous rencontrez des difficult\u00e9s, notre service client\u00e8le est l\u00e0 pour r\u00e9pondre \u00e0 toutes vos questions et vous aider.<\/p>\n                        <\/div>\n                    <\/div>\n\n                \n        <\/form>\n            <\/div>\n    <\/div>\n\n<\/div>\n","protected":false},"excerpt":{"rendered":"<p>TRAVAILLEZ AVEC NOUS Dites-nous en plus sur vos souhaits et nous vous mettrons en contact avec une \u00e9quipe d\u00e9di\u00e9e \u00e0 la cr\u00e9ation de la meilleure solution pour vos besoins.<\/p>\n","protected":false},"author":82,"featured_media":0,"parent":0,"menu_order":4,"comment_status":"closed","ping_status":"closed","template":"","meta":{"_acf_changed":true,"_relevanssi_hide_post":"","_relevanssi_hide_content":"","_relevanssi_pin_for_all":"","_relevanssi_pin_keywords":"","_relevanssi_unpin_keywords":"","_relevanssi_related_keywords":"","_relevanssi_related_include_ids":"","_relevanssi_related_exclude_ids":"","_relevanssi_related_no_append":"","_relevanssi_related_not_related":"","_relevanssi_related_posts":"55586,55549,55294","_relevanssi_noindex_reason":"","footnotes":""},"admin-category":[],"solution":[],"segment":[],"venue":[],"topic":[],"class_list":["post-54662","page","type-page","status-publish","hentry"],"acf":[],"_links":{"self":[{"href":"https:\/\/business.ticketmaster.be\/fr\/wp-json\/wp\/v2\/pages\/54662","targetHints":{"allow":["GET"]}}],"collection":[{"href":"https:\/\/business.ticketmaster.be\/fr\/wp-json\/wp\/v2\/pages"}],"about":[{"href":"https:\/\/business.ticketmaster.be\/fr\/wp-json\/wp\/v2\/types\/page"}],"author":[{"embeddable":true,"href":"https:\/\/business.ticketmaster.be\/fr\/wp-json\/wp\/v2\/users\/82"}],"replies":[{"embeddable":true,"href":"https:\/\/business.ticketmaster.be\/fr\/wp-json\/wp\/v2\/comments?post=54662"}],"version-history":[{"count":0,"href":"https:\/\/business.ticketmaster.be\/fr\/wp-json\/wp\/v2\/pages\/54662\/revisions"}],"wp:attachment":[{"href":"https:\/\/business.ticketmaster.be\/fr\/wp-json\/wp\/v2\/media?parent=54662"}],"wp:term":[{"taxonomy":"admin-category","embeddable":true,"href":"https:\/\/business.ticketmaster.be\/fr\/wp-json\/wp\/v2\/admin-category?post=54662"},{"taxonomy":"solution","embeddable":true,"href":"https:\/\/business.ticketmaster.be\/fr\/wp-json\/wp\/v2\/solution?post=54662"},{"taxonomy":"segment","embeddable":true,"href":"https:\/\/business.ticketmaster.be\/fr\/wp-json\/wp\/v2\/segment?post=54662"},{"taxonomy":"venue","embeddable":true,"href":"https:\/\/business.ticketmaster.be\/fr\/wp-json\/wp\/v2\/venue?post=54662"},{"taxonomy":"topic","embeddable":true,"href":"https:\/\/business.ticketmaster.be\/fr\/wp-json\/wp\/v2\/topic?post=54662"}],"curies":[{"name":"wp","href":"https:\/\/api.w.org\/{rel}","templated":true}]}}